{"id":79,"date":"2023-12-19T16:52:05","date_gmt":"2023-12-19T19:52:05","guid":{"rendered":"https:\/\/mybeautygarden.com\/?post_type=product&#038;p=79"},"modified":"2024-05-11T13:44:23","modified_gmt":"2024-05-11T16:44:23","slug":"vela-barril-aromatica-rellena-con-vela-de-soja-8x7cm","status":"publish","type":"product","link":"https:\/\/mybeautygarden.com\/?product=vela-barril-aromatica-rellena-con-vela-de-soja-8x7cm","title":{"rendered":"Vela Barril Arom\u00e1tica Rellena con Vela de Soja 8x7cm"},"content":{"rendered":"<p>Incluye un barril de madera r\u00fastica de 8 cm de alto y 7 cm de di\u00e1metro, relleno con vela de cera de soja. Viene en aromas de: Sand\u00eda\/Pepino, Naranja\/Pimienta, Frutilla, Cereza y Manzana\/Canela.<\/p>\n<p>Diam.: 7 CM<br \/>\nIncluye portavela: Si<br \/>\nMaterial del portavela: Madera<br \/>\nMaterial de la vela: Cera de soja<br \/>\nAltura: 8 CM<br \/>\nTipo de vela: Arom\u00e1tica<\/p>\n","protected":false},"excerpt":{"rendered":"<p>Incluye un barril de madera r\u00fastica de 8 cm de alto y 7 cm de di\u00e1metro, relleno con vela de cera de soja.<\/p>\n","protected":false},"featured_media":581,"comment_status":"closed","ping_status":"closed","template":"","meta":{"_kad_post_transparent":"default","_kad_post_title":"","_kad_post_layout":"default","_kad_post_sidebar_id":"","_kad_post_content_style":"default","_kad_post_vertical_padding":"default","_kad_post_feature":"","_kad_post_feature_position":"","_kad_post_header":false,"_kad_post_footer":false,"_kad_post_classname":""},"product_brand":[],"product_cat":[18],"product_tag":[],"class_list":{"0":"post-79","1":"product","2":"type-product","3":"status-publish","4":"has-post-thumbnail","6":"product_cat-accesorios","8":"first","9":"instock","10":"shipping-taxable","11":"purchasable","12":"product-type-variable","13":"entry","14":"content-bg","15":"loop-entry"},"_links":{"self":[{"href":"https:\/\/mybeautygarden.com\/index.php?rest_route=\/wp\/v2\/product\/79","targetHints":{"allow":["GET"]}}],"collection":[{"href":"https:\/\/mybeautygarden.com\/index.php?rest_route=\/wp\/v2\/product"}],"about":[{"href":"https:\/\/mybeautygarden.com\/index.php?rest_route=\/wp\/v2\/types\/product"}],"replies":[{"embeddable":true,"href":"https:\/\/mybeautygarden.com\/index.php?rest_route=%2Fwp%2Fv2%2Fcomments&post=79"}],"wp:featuredmedia":[{"embeddable":true,"href":"https:\/\/mybeautygarden.com\/index.php?rest_route=\/wp\/v2\/media\/581"}],"wp:attachment":[{"href":"https:\/\/mybeautygarden.com\/index.php?rest_route=%2Fwp%2Fv2%2Fmedia&parent=79"}],"wp:term":[{"taxonomy":"product_brand","embeddable":true,"href":"https:\/\/mybeautygarden.com\/index.php?rest_route=%2Fwp%2Fv2%2Fproduct_brand&post=79"},{"taxonomy":"product_cat","embeddable":true,"href":"https:\/\/mybeautygarden.com\/index.php?rest_route=%2Fwp%2Fv2%2Fproduct_cat&post=79"},{"taxonomy":"product_tag","embeddable":true,"href":"https:\/\/mybeautygarden.com\/index.php?rest_route=%2Fwp%2Fv2%2Fproduct_tag&post=79"}],"curies":[{"name":"wp","href":"https:\/\/api.w.org\/{rel}","templated":true}]}}