{"id":77,"date":"2023-12-19T16:47:03","date_gmt":"2023-12-19T19:47:03","guid":{"rendered":"https:\/\/mybeautygarden.com\/?post_type=product&#038;p=77"},"modified":"2024-04-22T10:44:23","modified_gmt":"2024-04-22T13:44:23","slug":"acondicionador-solido-100-gr","status":"publish","type":"product","link":"https:\/\/mybeautygarden.com\/?product=acondicionador-solido-100-gr","title":{"rendered":"Acondicionador S\u00f3lido 100 gr"},"content":{"rendered":"<p>Acondicionador s\u00f3lido. Componentes: btms, manteca de cacao, enriquecido con aceite de coco y aceite de jojoba. Nutre el cabello, dej\u00e1ndolo suave y sedoso de manera natural, sin efecto graso. Producto aprobado por Anmat. Peso: 100 grs. Biodegradable. Vegano. Cruelty free. Libre de qu\u00edmicos, sulfatos y parabenos. Sin aceite de palma. Modo de uso: al finalizar el lavado con shampoo y su posterior enjuague, pasar la pastilla de acondicionador s\u00f3lido una o dos veces en el largo y puntas del cabello, ya que es super concentrado. Desenredar el cabello acompa\u00f1ando con los dedos y luego enjuagar con agua tibia. Mascarilla capilar: una o dos veces al mes, aplicar el producto y dejar actuar por 15 minutos. Luego enjuagar con abundante agua. Acci\u00f3n super nutritiva y reparadora. Tu pelo quedar\u00e1 suave y desenredado de manera natural sin absorber productos qu\u00edmicos que lo da\u00f1an y resecan. Este acondicionador s\u00f3lido apuesta a un cambio, sano, ecol\u00f3gico y sustentable, sin usar envases ni exceso de packaging. Por eso te recomendamos que luego de usarlo, lo dejes en un lugar seco, para que pueda mantenerse mejor y por m\u00e1s tiempo. Dependiendo de la duraci\u00f3n de los lavados y del largo del cabello, la pastilla puede durar 100 lavados. \u00a1Gracias por animarte al cambio! Ingredientes: behentrimonium methosulfate (and) cetearyl alcohol, theobroma cacao deed butter, cocos nucifera (coconut) oil, jojoba (buxus chinensis) oil, tocopherol acetate.<\/p>\n<p>Es s\u00f3lido: Si<br \/>\nVolumen neto: 100 grs<br \/>\nTipo de producto: Acondicionador<br \/>\nApto Cel\u00edaco: Si<br \/>\nEs aprobado por ANMAT: Si<br \/>\nEs natural: Si<br \/>\n\u00bfEs libre de crueldad?: Si<br \/>\n\u00bfEs vegano?: Si<\/p>\n","protected":false},"excerpt":{"rendered":"<p>Acondicionador s\u00f3lido. Componentes: btms, manteca de cacao, enriquecido con aceite de coco y aceite de jojoba. Nutre el cabello, dej\u00e1ndolo suave y sedoso de manera natural, sin efecto graso.<\/p>\n","protected":false},"featured_media":347,"comment_status":"closed","ping_status":"closed","template":"","meta":{"_kad_post_transparent":"default","_kad_post_title":"","_kad_post_layout":"default","_kad_post_sidebar_id":"","_kad_post_content_style":"default","_kad_post_vertical_padding":"default","_kad_post_feature":"","_kad_post_feature_position":"","_kad_post_header":false,"_kad_post_footer":false,"_kad_post_classname":""},"product_brand":[],"product_cat":[16],"product_tag":[],"class_list":{"0":"post-77","1":"product","2":"type-product","3":"status-publish","4":"has-post-thumbnail","6":"product_cat-cuidado-del-cabello","8":"first","9":"instock","10":"shipping-taxable","11":"purchasable","12":"product-type-simple","13":"entry","14":"content-bg","15":"loop-entry"},"_links":{"self":[{"href":"https:\/\/mybeautygarden.com\/index.php?rest_route=\/wp\/v2\/product\/77","targetHints":{"allow":["GET"]}}],"collection":[{"href":"https:\/\/mybeautygarden.com\/index.php?rest_route=\/wp\/v2\/product"}],"about":[{"href":"https:\/\/mybeautygarden.com\/index.php?rest_route=\/wp\/v2\/types\/product"}],"replies":[{"embeddable":true,"href":"https:\/\/mybeautygarden.com\/index.php?rest_route=%2Fwp%2Fv2%2Fcomments&post=77"}],"wp:featuredmedia":[{"embeddable":true,"href":"https:\/\/mybeautygarden.com\/index.php?rest_route=\/wp\/v2\/media\/347"}],"wp:attachment":[{"href":"https:\/\/mybeautygarden.com\/index.php?rest_route=%2Fwp%2Fv2%2Fmedia&parent=77"}],"wp:term":[{"taxonomy":"product_brand","embeddable":true,"href":"https:\/\/mybeautygarden.com\/index.php?rest_route=%2Fwp%2Fv2%2Fproduct_brand&post=77"},{"taxonomy":"product_cat","embeddable":true,"href":"https:\/\/mybeautygarden.com\/index.php?rest_route=%2Fwp%2Fv2%2Fproduct_cat&post=77"},{"taxonomy":"product_tag","embeddable":true,"href":"https:\/\/mybeautygarden.com\/index.php?rest_route=%2Fwp%2Fv2%2Fproduct_tag&post=77"}],"curies":[{"name":"wp","href":"https:\/\/api.w.org\/{rel}","templated":true}]}}