{"id":64,"date":"2023-12-19T10:03:10","date_gmt":"2023-12-19T13:03:10","guid":{"rendered":"https:\/\/mybeautygarden.com\/?post_type=product&#038;p=64"},"modified":"2024-04-22T10:41:06","modified_gmt":"2024-04-22T13:41:06","slug":"serum-double-trouble-30ml","status":"publish","type":"product","link":"https:\/\/mybeautygarden.com\/?product=serum-double-trouble-30ml","title":{"rendered":"Serum Double Trouble 30 ml"},"content":{"rendered":"<p>El Serum Double Trouble se caracteriza por su textura ligera y r\u00e1pida absorci\u00f3n que act\u00faa intensamente para atenuar arrugas y l\u00edneas de expresi\u00f3n. Adem\u00e1s, aporta firmeza y tersura a la piel gracias a su composici\u00f3n, fruto de una combinaci\u00f3n de \u00c1cido Hialur\u00f3nico, Vitamina B5 y T\u00e9 Verde. Mejora la hidratacion del estrato c\u00f3rneo, reduciendo la perdida de agua transepid\u00e9rmica y manteniendo la suavidad y elasticidad de la piel. El T\u00e9 Verde con su acci\u00f3n antioxidante, protege tu piel de los radicales libres, unificando el tono y aumentando el brillo. No testeado en animales. Libre de parabenos, fragancias, alcoholes, colorantes artificiales y siliconas. Apto para todo tipo de piel. Modo de uso: Luego de la limpieza facial, aplicar 2 a 3 gotas sobre la yema de los dedos y expandir en rostro y cuello con un suave masaje. Ingredientes: agua, glicerina, sodio, pantenol, sodium hyaluronate, hydroxyproline, camellia sinensis leaf extract, hydroxypropyl methycelllulose, dehydroacetic acid, benzyl alcohol, ethylhexylglycerin y tocopheryl acetate.<\/p>\n<p>&nbsp;<\/p>\n<p>Marca: Veganis<br \/>\nL\u00ednea: Double trouble<br \/>\n\u00c1rea de aplicaci\u00f3n: Rostro<br \/>\nBeneficios: Atenua las arrugas y l\u00edneas de expresi\u00f3n, aporta firmeza, elasticidad y tersura, hidrata, suaviza, es antioxidante, protege, unifica el tono y aumenta el brillo.<br \/>\nTipo de piel: Todo tipo de piel<br \/>\nVolumen de la unidad: 30 ML<br \/>\nTipo de envase: Con gotero<br \/>\nTextura : Ligera<br \/>\nEs natural: Si<br \/>\nApto vegano: Si<br \/>\nEst\u00e1 aprobado por ANMAT: Si<\/p>\n","protected":false},"excerpt":{"rendered":"<p>El Serum Double Trouble se caracteriza por su textura ligera y r\u00e1pida absorci\u00f3n que act\u00faa intensamente para atenuar arrugas y l\u00edneas de expresi\u00f3n.<\/p>\n","protected":false},"featured_media":354,"comment_status":"closed","ping_status":"closed","template":"","meta":{"_kad_post_transparent":"default","_kad_post_title":"","_kad_post_layout":"default","_kad_post_sidebar_id":"","_kad_post_content_style":"default","_kad_post_vertical_padding":"default","_kad_post_feature":"","_kad_post_feature_position":"","_kad_post_header":false,"_kad_post_footer":false,"_kad_post_classname":""},"product_brand":[],"product_cat":[17],"product_tag":[],"class_list":{"0":"post-64","1":"product","2":"type-product","3":"status-publish","4":"has-post-thumbnail","6":"product_cat-belleza-cuidado-de-la-piel","8":"first","9":"instock","10":"sale","11":"featured","12":"shipping-taxable","13":"purchasable","14":"product-type-simple","15":"entry","16":"content-bg","17":"loop-entry"},"_links":{"self":[{"href":"https:\/\/mybeautygarden.com\/index.php?rest_route=\/wp\/v2\/product\/64","targetHints":{"allow":["GET"]}}],"collection":[{"href":"https:\/\/mybeautygarden.com\/index.php?rest_route=\/wp\/v2\/product"}],"about":[{"href":"https:\/\/mybeautygarden.com\/index.php?rest_route=\/wp\/v2\/types\/product"}],"replies":[{"embeddable":true,"href":"https:\/\/mybeautygarden.com\/index.php?rest_route=%2Fwp%2Fv2%2Fcomments&post=64"}],"wp:featuredmedia":[{"embeddable":true,"href":"https:\/\/mybeautygarden.com\/index.php?rest_route=\/wp\/v2\/media\/354"}],"wp:attachment":[{"href":"https:\/\/mybeautygarden.com\/index.php?rest_route=%2Fwp%2Fv2%2Fmedia&parent=64"}],"wp:term":[{"taxonomy":"product_brand","embeddable":true,"href":"https:\/\/mybeautygarden.com\/index.php?rest_route=%2Fwp%2Fv2%2Fproduct_brand&post=64"},{"taxonomy":"product_cat","embeddable":true,"href":"https:\/\/mybeautygarden.com\/index.php?rest_route=%2Fwp%2Fv2%2Fproduct_cat&post=64"},{"taxonomy":"product_tag","embeddable":true,"href":"https:\/\/mybeautygarden.com\/index.php?rest_route=%2Fwp%2Fv2%2Fproduct_tag&post=64"}],"curies":[{"name":"wp","href":"https:\/\/api.w.org\/{rel}","templated":true}]}}