{"id":38,"date":"2023-12-19T09:07:17","date_gmt":"2023-12-19T12:07:17","guid":{"rendered":"https:\/\/mybeautygarden.com\/?post_type=product&#038;p=38"},"modified":"2025-08-14T20:24:38","modified_gmt":"2025-08-14T23:24:38","slug":"shampoo-solido-100grs-cabello-graso-anticaspa","status":"publish","type":"product","link":"https:\/\/mybeautygarden.com\/?product=shampoo-solido-100grs-cabello-graso-anticaspa","title":{"rendered":"Shampoo S\u00f3lido 100 grs (Cabello graso\/anticaspa)"},"content":{"rendered":"<p>Shampoo s\u00f3lido 100 gr. Modelos: para cabello seco, cabello graso\/con caspa, cabello equilibrado y cabello fortalecedor. Producto aprobado por Anmat, sin tacc y apto bebes y ni\u00f1os a partir de los 6 meses. Biodegradable. Vegano. Cruelty Free. Libre de qu\u00edmicos, sulfatos y parabenos. Sin aceite de palma. Modo de uso: Hacer espuma con las manos o pasar la pastilla por el cabello previamente humedecido. Al sentir el cabello humectado, dejar la pastilla y masajear. No es necesario usar mucha cantidad, produce mucha espuma. Luego enjuagar con abundante agua. No requiere per\u00edodo de adaptaci\u00f3n, ya que est\u00e1 formulado especialmente para el PH del cuero cabelludo. Duraci\u00f3n: entre 80 y 90 lavados. Recomendamos que luego de usarlo, lo dejes en un lugar seco, para que pueda mantenerse mejor y por m\u00e1s tiempo.<\/p>\n<p>&nbsp;<\/p>\n<p>Tipos de cabello: cabello graso\/con caspa<br \/>\nEs s\u00f3lido: Si<br \/>\nVolumen neto: 100 grs<br \/>\nApto Cel\u00edaco: Si<br \/>\nEs aprobado por ANMAT: S\u00ed<br \/>\nEs natural: S\u00ed<br \/>\n\u00bfEs libre de crueldad?: Si<br \/>\n\u00bfEs vegano?: Si<\/p>\n<p>&nbsp;<\/p>\n","protected":false},"excerpt":{"rendered":"<p>Shampoo s\u00f3lido 100 gr. Modelo: cabello graso\/con caspa. No requiere per\u00edodo de adaptaci\u00f3n, ya que est\u00e1 formulado especialmente para el PH del cuero cabelludo.<\/p>\n","protected":false},"featured_media":353,"comment_status":"closed","ping_status":"closed","template":"","meta":{"_kad_post_transparent":"default","_kad_post_title":"","_kad_post_layout":"default","_kad_post_sidebar_id":"","_kad_post_content_style":"default","_kad_post_vertical_padding":"default","_kad_post_feature":"","_kad_post_feature_position":"","_kad_post_header":false,"_kad_post_footer":false,"_kad_post_classname":""},"product_brand":[],"product_cat":[16],"product_tag":[],"class_list":{"0":"post-38","1":"product","2":"type-product","3":"status-publish","4":"has-post-thumbnail","6":"product_cat-cuidado-del-cabello","8":"first","9":"outofstock","10":"sale","11":"featured","12":"shipping-taxable","13":"purchasable","14":"product-type-simple","15":"entry","16":"content-bg","17":"loop-entry"},"_links":{"self":[{"href":"https:\/\/mybeautygarden.com\/index.php?rest_route=\/wp\/v2\/product\/38","targetHints":{"allow":["GET"]}}],"collection":[{"href":"https:\/\/mybeautygarden.com\/index.php?rest_route=\/wp\/v2\/product"}],"about":[{"href":"https:\/\/mybeautygarden.com\/index.php?rest_route=\/wp\/v2\/types\/product"}],"replies":[{"embeddable":true,"href":"https:\/\/mybeautygarden.com\/index.php?rest_route=%2Fwp%2Fv2%2Fcomments&post=38"}],"wp:featuredmedia":[{"embeddable":true,"href":"https:\/\/mybeautygarden.com\/index.php?rest_route=\/wp\/v2\/media\/353"}],"wp:attachment":[{"href":"https:\/\/mybeautygarden.com\/index.php?rest_route=%2Fwp%2Fv2%2Fmedia&parent=38"}],"wp:term":[{"taxonomy":"product_brand","embeddable":true,"href":"https:\/\/mybeautygarden.com\/index.php?rest_route=%2Fwp%2Fv2%2Fproduct_brand&post=38"},{"taxonomy":"product_cat","embeddable":true,"href":"https:\/\/mybeautygarden.com\/index.php?rest_route=%2Fwp%2Fv2%2Fproduct_cat&post=38"},{"taxonomy":"product_tag","embeddable":true,"href":"https:\/\/mybeautygarden.com\/index.php?rest_route=%2Fwp%2Fv2%2Fproduct_tag&post=38"}],"curies":[{"name":"wp","href":"https:\/\/api.w.org\/{rel}","templated":true}]}}