{"id":379,"date":"2024-01-06T11:09:01","date_gmt":"2024-01-06T14:09:01","guid":{"rendered":"https:\/\/mybeautygarden.com\/?post_type=product&#038;p=379"},"modified":"2024-04-22T11:56:40","modified_gmt":"2024-04-22T14:56:40","slug":"vinchas-de-spa-skincare-con-mono","status":"publish","type":"product","link":"https:\/\/mybeautygarden.com\/?product=vinchas-de-spa-skincare-con-mono","title":{"rendered":"Vinchas de Spa\/ Skincare con Mo\u00f1o"},"content":{"rendered":"<p>Vincha de toalla microfibra, s\u00faper suave, elastizada, para usar tanto en tu rutina de limpieza facial, as\u00ed como en la hidrataci\u00f3n y a la hora de maquillarte, despeja tu rostro evitando los pelitos en la cara. Viene en los siguientes colores: Blanco, Rosa, Beige, Verde Menta.<\/p>\n<p>&nbsp;<\/p>\n<p>TELA DE TOALLA AFELPADA<br \/>\nPESO 0.03 kg<br \/>\nDIMENSIONES 7 \u00d7 7 \u00d7 7 cm<br \/>\nCOLORES<br \/>\nBlanco, Rosa, Beige, Verde Menta<\/p>\n<p>&nbsp;<\/p>\n","protected":false},"excerpt":{"rendered":"<p>Vincha de toalla microfibra, s\u00faper suave, elastizada, para usar tanto en tu rutina de limpieza facial, as\u00ed como en la hidrataci\u00f3n y a la hora de maquillarte, despeja tu rostro evitando los pelitos en la cara. Viene en los siguientes colores: Blanco, Rosa, Beige, Verde Menta.<\/p>\n","protected":false},"featured_media":580,"comment_status":"closed","ping_status":"closed","template":"","meta":{"_kad_post_transparent":"default","_kad_post_title":"","_kad_post_layout":"default","_kad_post_sidebar_id":"","_kad_post_content_style":"default","_kad_post_vertical_padding":"default","_kad_post_feature":"","_kad_post_feature_position":"","_kad_post_header":false,"_kad_post_footer":false,"_kad_post_classname":""},"product_brand":[],"product_cat":[18,20],"product_tag":[],"class_list":{"0":"post-379","1":"product","2":"type-product","3":"status-publish","4":"has-post-thumbnail","6":"product_cat-accesorios","7":"product_cat-maquillaje","9":"first","10":"instock","11":"shipping-taxable","12":"purchasable","13":"product-type-variable","14":"entry","15":"content-bg","16":"loop-entry"},"_links":{"self":[{"href":"https:\/\/mybeautygarden.com\/index.php?rest_route=\/wp\/v2\/product\/379","targetHints":{"allow":["GET"]}}],"collection":[{"href":"https:\/\/mybeautygarden.com\/index.php?rest_route=\/wp\/v2\/product"}],"about":[{"href":"https:\/\/mybeautygarden.com\/index.php?rest_route=\/wp\/v2\/types\/product"}],"replies":[{"embeddable":true,"href":"https:\/\/mybeautygarden.com\/index.php?rest_route=%2Fwp%2Fv2%2Fcomments&post=379"}],"wp:featuredmedia":[{"embeddable":true,"href":"https:\/\/mybeautygarden.com\/index.php?rest_route=\/wp\/v2\/media\/580"}],"wp:attachment":[{"href":"https:\/\/mybeautygarden.com\/index.php?rest_route=%2Fwp%2Fv2%2Fmedia&parent=379"}],"wp:term":[{"taxonomy":"product_brand","embeddable":true,"href":"https:\/\/mybeautygarden.com\/index.php?rest_route=%2Fwp%2Fv2%2Fproduct_brand&post=379"},{"taxonomy":"product_cat","embeddable":true,"href":"https:\/\/mybeautygarden.com\/index.php?rest_route=%2Fwp%2Fv2%2Fproduct_cat&post=379"},{"taxonomy":"product_tag","embeddable":true,"href":"https:\/\/mybeautygarden.com\/index.php?rest_route=%2Fwp%2Fv2%2Fproduct_tag&post=379"}],"curies":[{"name":"wp","href":"https:\/\/api.w.org\/{rel}","templated":true}]}}