{"id":133,"date":"2023-12-20T09:12:37","date_gmt":"2023-12-20T12:12:37","guid":{"rendered":"https:\/\/mybeautygarden.com\/?post_type=product&#038;p=133"},"modified":"2026-01-22T22:47:17","modified_gmt":"2026-01-23T01:47:17","slug":"perfume-solido-20-ml-aroma-fresia-silvestre","status":"publish","type":"product","link":"https:\/\/mybeautygarden.com\/?product=perfume-solido-20-ml-aroma-fresia-silvestre","title":{"rendered":"Perfume S\u00f3lido 20 ml (Aroma fresia silvestre)"},"content":{"rendered":"<p>Elaborado con esencias arom\u00e1ticas junto a mantecas y ceras vegetales. Es ideal para perfumar de manera delicada, ya que al no tener alcohol no reseca ni irrita la piel. Su presentaci\u00f3n s\u00f3lida es ideal para transportar evitando derrames, y es mucho m\u00e1s sustentable que las versiones l\u00edquidas, ya que para su elaboraci\u00f3n no se utiliza agua. Distribuyendo el perfume sobre la piel, podr\u00e1s sentir su agradable aroma. Su textura firme y cremosa facilita la aplicaci\u00f3n. Modo de uso: Aplicar una fina capa sobre la piel (recomendamos el \u00e1rea del cuello, detr\u00e1s de las orejas y en las mu\u00f1ecas). Repetir las veces que se desee. Presentaci\u00f3n: Frasco de vidrio reutilizable, 2O grs. Fragancias disponibles: Fresia Silvestre, pitanga c\u00edtrica o frutos del bosque. Ingredientes: Prunus Armeniaca Kernel Oil Caprylic\/Capric Triglyceride, Benzy| Alcohol (and) DehydroAcetic Acid, Tocopherol, Silica, Shea Butter, Candelilla Wax, Natural Cocoa Butter, Fragrance.<\/p>\n<p>&nbsp;<\/p>\n<p>Tipo de perfume: S\u00f3lido<br \/>\nAroma: Fresia Silvestre, pitanga c\u00edtrica o frutos del bosque<br \/>\nL\u00ednea: Aromas Sentida bot\u00e1nica<br \/>\nApto Cel\u00edaco: Si<br \/>\nEs aprobado por ANMAT: Si<br \/>\nEs natural: Si<br \/>\n\u00bfEs libre de crueldad?: Si<br \/>\n\u00bfEs vegano?: Si<\/p>\n","protected":false},"excerpt":{"rendered":"<p>Elaborado con escencias arom\u00e1ticas junto a mantecas y ceras vegetales. Es ideal para perfumar de manera delicada, ya que al no tener alcohol no reseca ni irrita la piel.<\/p>\n","protected":false},"featured_media":362,"comment_status":"closed","ping_status":"closed","template":"","meta":{"_kad_post_transparent":"default","_kad_post_title":"","_kad_post_layout":"default","_kad_post_sidebar_id":"","_kad_post_content_style":"default","_kad_post_vertical_padding":"default","_kad_post_feature":"","_kad_post_feature_position":"","_kad_post_header":false,"_kad_post_footer":false,"_kad_post_classname":""},"product_brand":[],"product_cat":[19],"product_tag":[],"class_list":{"0":"post-133","1":"product","2":"type-product","3":"status-publish","4":"has-post-thumbnail","6":"product_cat-fragancias","8":"first","9":"instock","10":"sale","11":"shipping-taxable","12":"purchasable","13":"product-type-simple","14":"entry","15":"content-bg","16":"loop-entry"},"_links":{"self":[{"href":"https:\/\/mybeautygarden.com\/index.php?rest_route=\/wp\/v2\/product\/133","targetHints":{"allow":["GET"]}}],"collection":[{"href":"https:\/\/mybeautygarden.com\/index.php?rest_route=\/wp\/v2\/product"}],"about":[{"href":"https:\/\/mybeautygarden.com\/index.php?rest_route=\/wp\/v2\/types\/product"}],"replies":[{"embeddable":true,"href":"https:\/\/mybeautygarden.com\/index.php?rest_route=%2Fwp%2Fv2%2Fcomments&post=133"}],"wp:featuredmedia":[{"embeddable":true,"href":"https:\/\/mybeautygarden.com\/index.php?rest_route=\/wp\/v2\/media\/362"}],"wp:attachment":[{"href":"https:\/\/mybeautygarden.com\/index.php?rest_route=%2Fwp%2Fv2%2Fmedia&parent=133"}],"wp:term":[{"taxonomy":"product_brand","embeddable":true,"href":"https:\/\/mybeautygarden.com\/index.php?rest_route=%2Fwp%2Fv2%2Fproduct_brand&post=133"},{"taxonomy":"product_cat","embeddable":true,"href":"https:\/\/mybeautygarden.com\/index.php?rest_route=%2Fwp%2Fv2%2Fproduct_cat&post=133"},{"taxonomy":"product_tag","embeddable":true,"href":"https:\/\/mybeautygarden.com\/index.php?rest_route=%2Fwp%2Fv2%2Fproduct_tag&post=133"}],"curies":[{"name":"wp","href":"https:\/\/api.w.org\/{rel}","templated":true}]}}