{"id":513,"date":"2024-01-09T16:01:55","date_gmt":"2024-01-09T19:01:55","guid":{"rendered":"https:\/\/mybeautygarden.com\/?page_id=513"},"modified":"2024-01-09T16:05:22","modified_gmt":"2024-01-09T19:05:22","slug":"blog","status":"publish","type":"page","link":"https:\/\/mybeautygarden.com\/?page_id=513","title":{"rendered":"Blog"},"content":{"rendered":"\t\t<div data-elementor-type=\"wp-page\" data-elementor-id=\"513\" class=\"elementor elementor-513\">\n\t\t\t\t<div class=\"elementor-element elementor-element-07eb7e3 e-flex e-con-boxed e-con e-parent\" data-id=\"07eb7e3\" data-element_type=\"container\" data-e-type=\"container\">\n\t\t\t\t\t<div class=\"e-con-inner\">\n\t\t\t\t<div class=\"elementor-element elementor-element-77946be elementor-widget elementor-widget-spacer\" data-id=\"77946be\" data-element_type=\"widget\" data-e-type=\"widget\" data-widget_type=\"spacer.default\">\n\t\t\t\t<div class=\"elementor-widget-container\">\n\t\t\t\t\t\t\t<div class=\"elementor-spacer\">\n\t\t\t<div class=\"elementor-spacer-inner\"><\/div>\n\t\t<\/div>\n\t\t\t\t\t\t<\/div>\n\t\t\t\t<\/div>\n\t\t\t\t<div class=\"elementor-element elementor-element-8ddabee elementor-widget elementor-widget-spacer\" data-id=\"8ddabee\" data-element_type=\"widget\" data-e-type=\"widget\" data-widget_type=\"spacer.default\">\n\t\t\t\t<div class=\"elementor-widget-container\">\n\t\t\t\t\t\t\t<div class=\"elementor-spacer\">\n\t\t\t<div class=\"elementor-spacer-inner\"><\/div>\n\t\t<\/div>\n\t\t\t\t\t\t<\/div>\n\t\t\t\t<\/div>\n\t\t\t\t<div class=\"elementor-element elementor-element-757b43c elementor-widget elementor-widget-heading\" data-id=\"757b43c\" data-element_type=\"widget\" data-e-type=\"widget\" data-widget_type=\"heading.default\">\n\t\t\t\t<div class=\"elementor-widget-container\">\n\t\t\t\t\t<h2 class=\"elementor-heading-title elementor-size-default\">Blog<\/h2>\t\t\t\t<\/div>\n\t\t\t\t<\/div>\n\t\t\t\t<div class=\"elementor-element elementor-element-ba553af elementor-grid-eael-col-3 elementor-grid-tablet-eael-col-2 elementor-grid-mobile-eael-col-1 elementor-widget elementor-widget-eael-post-grid\" data-id=\"ba553af\" data-element_type=\"widget\" data-e-type=\"widget\" data-settings=\"{&quot;eael_post_grid_columns&quot;:&quot;eael-col-3&quot;,&quot;eael_post_grid_columns_tablet&quot;:&quot;eael-col-2&quot;,&quot;eael_post_grid_columns_mobile&quot;:&quot;eael-col-1&quot;}\" data-widget_type=\"eael-post-grid.default\">\n\t\t\t\t<div class=\"elementor-widget-container\">\n\t\t\t\t\t<div id=\"eael-post-grid-ba553af\" class=\"eael-post-grid-container\">\n            <div class=\"eael-post-grid eael-post-appender eael-post-appender-ba553af eael-post-grid-style-one\" data-layout-mode=\"grid\"><article class=\"eael-grid-post  eael-post-grid-column eael-pg-post-706 category-medio-ambiente\" data-id=\"706\">\n        <div class=\"eael-grid-post-holder\">\n            <div class=\"eael-grid-post-holder-inner\"><div class=\"eael-entry-media\"><div class=\"eael-entry-overlay fade-in\"><i class=\"fas fa-long-arrow-alt-right\" aria-hidden=\"true\"><\/i><a href=\"https:\/\/mybeautygarden.com\/?p=706\"><\/a><\/div><div class=\"eael-entry-thumbnail \">\n                <img fetchpriority=\"high\" decoding=\"async\" width=\"600\" height=\"600\" src=\"https:\/\/mybeautygarden.com\/wp-content\/uploads\/2024\/04\/ca497bb7-cf19-4180-848c-f745e1f27666-600x600.jpeg\" class=\"attachment-woocommerce_thumbnail size-woocommerce_thumbnail wp-image-709\" alt=\"\" srcset=\"https:\/\/mybeautygarden.com\/wp-content\/uploads\/2024\/04\/ca497bb7-cf19-4180-848c-f745e1f27666-600x600.jpeg 600w, https:\/\/mybeautygarden.com\/wp-content\/uploads\/2024\/04\/ca497bb7-cf19-4180-848c-f745e1f27666-300x300.jpeg 300w, https:\/\/mybeautygarden.com\/wp-content\/uploads\/2024\/04\/ca497bb7-cf19-4180-848c-f745e1f27666-150x150.jpeg 150w, https:\/\/mybeautygarden.com\/wp-content\/uploads\/2024\/04\/ca497bb7-cf19-4180-848c-f745e1f27666-768x768.jpeg 768w, https:\/\/mybeautygarden.com\/wp-content\/uploads\/2024\/04\/ca497bb7-cf19-4180-848c-f745e1f27666-100x100.jpeg 100w, https:\/\/mybeautygarden.com\/wp-content\/uploads\/2024\/04\/ca497bb7-cf19-4180-848c-f745e1f27666.jpeg 1024w\" sizes=\"(max-width: 600px) 100vw, 600px\" \/>\n            <\/div>\n        <\/div><div class=\"eael-entry-wrapper\"><header class=\"eael-entry-header\"><h2 class=\"eael-entry-title\"><a class=\"eael-grid-post-link\" href=\"https:\/\/mybeautygarden.com\/?p=706\" title=\"Velas de Soja, la opci\u00f3n m\u00e1s ecol\u00f3gica para aromatizar tus ambientes\">Velas de Soja, la opci\u00f3n m\u00e1s ecol\u00f3gica para aromatizar tus ambientes<\/a><\/h2><\/header><div class=\"eael-entry-content\">\n                        <div class=\"eael-grid-post-excerpt\"><p>En un entorno social de crisis clim\u00e1tica, reducir el consumo...<\/p><\/div>\n                    <\/div><\/div><\/div>\n        <\/div>\n    <\/article><article class=\"eael-grid-post  eael-post-grid-column eael-pg-post-498 category-cuidado-de-tu-piel\" data-id=\"498\">\n        <div class=\"eael-grid-post-holder\">\n            <div class=\"eael-grid-post-holder-inner\"><div class=\"eael-entry-media\"><div class=\"eael-entry-overlay fade-in\"><i class=\"fas fa-long-arrow-alt-right\" aria-hidden=\"true\"><\/i><a href=\"https:\/\/mybeautygarden.com\/?p=498\"><\/a><\/div><div class=\"eael-entry-thumbnail \">\n                <img decoding=\"async\" width=\"600\" height=\"600\" src=\"https:\/\/mybeautygarden.com\/wp-content\/uploads\/2024\/01\/aceites-y-belleza-1.jpg\" class=\"attachment-woocommerce_thumbnail size-woocommerce_thumbnail wp-image-499\" alt=\"\" \/>\n            <\/div>\n        <\/div><div class=\"eael-entry-wrapper\"><header class=\"eael-entry-header\"><h2 class=\"eael-entry-title\"><a class=\"eael-grid-post-link\" href=\"https:\/\/mybeautygarden.com\/?p=498\" title=\"Conecta con los aceites esenciales en tu rutina de belleza\">Conecta con los aceites esenciales en tu rutina de belleza<\/a><\/h2><\/header><div class=\"eael-entry-content\">\n                        <div class=\"eael-grid-post-excerpt\"><p>Seguramente habr\u00e1s o\u00eddo hablar de los aceites esenciales y sus...<\/p><\/div>\n                    <\/div><\/div><\/div>\n        <\/div>\n    <\/article><article class=\"eael-grid-post  eael-post-grid-column eael-pg-post-492 category-cuidado-de-tu-piel\" data-id=\"492\">\n        <div class=\"eael-grid-post-holder\">\n            <div class=\"eael-grid-post-holder-inner\"><div class=\"eael-entry-media\"><div class=\"eael-entry-overlay fade-in\"><i class=\"fas fa-long-arrow-alt-right\" aria-hidden=\"true\"><\/i><a href=\"https:\/\/mybeautygarden.com\/?p=492\"><\/a><\/div><div class=\"eael-entry-thumbnail \">\n                <img decoding=\"async\" width=\"600\" height=\"600\" src=\"https:\/\/mybeautygarden.com\/wp-content\/uploads\/2024\/01\/cabello-natural.jpg\" class=\"attachment-woocommerce_thumbnail size-woocommerce_thumbnail wp-image-495\" alt=\"\" \/>\n            <\/div>\n        <\/div><div class=\"eael-entry-wrapper\"><header class=\"eael-entry-header\"><h2 class=\"eael-entry-title\"><a class=\"eael-grid-post-link\" href=\"https:\/\/mybeautygarden.com\/?p=492\" title=\"Consejos para el cuidado de tu cabello\">Consejos para el cuidado de tu cabello<\/a><\/h2><\/header><div class=\"eael-entry-content\">\n                        <div class=\"eael-grid-post-excerpt\"><p>Un cabello sano es fundamental para nuestra salud y bienestar....<\/p><\/div>\n                    <\/div><\/div><\/div>\n        <\/div>\n    <\/article><article class=\"eael-grid-post  eael-post-grid-column eael-pg-post-483 category-cuidado-de-tu-piel\" data-id=\"483\">\n        <div class=\"eael-grid-post-holder\">\n            <div class=\"eael-grid-post-holder-inner\"><div class=\"eael-entry-media\"><div class=\"eael-entry-overlay fade-in\"><i class=\"fas fa-long-arrow-alt-right\" aria-hidden=\"true\"><\/i><a href=\"https:\/\/mybeautygarden.com\/?p=483\"><\/a><\/div><div class=\"eael-entry-thumbnail \">\n                <img loading=\"lazy\" decoding=\"async\" width=\"600\" height=\"600\" src=\"https:\/\/mybeautygarden.com\/wp-content\/uploads\/2024\/01\/cuidado-piel-1.jpg\" class=\"attachment-woocommerce_thumbnail size-woocommerce_thumbnail wp-image-486\" alt=\"\" \/>\n            <\/div>\n        <\/div><div class=\"eael-entry-wrapper\"><header class=\"eael-entry-header\"><h2 class=\"eael-entry-title\"><a class=\"eael-grid-post-link\" href=\"https:\/\/mybeautygarden.com\/?p=483\" title=\"Invierte en el cuidado de tu piel\">Invierte en el cuidado de tu piel<\/a><\/h2><\/header><div class=\"eael-entry-content\">\n                        <div class=\"eael-grid-post-excerpt\"><p>Nuestra piel es el \u00f3rgano m\u00e1s grande que tenemos y...<\/p><\/div>\n                    <\/div><\/div><\/div>\n        <\/div>\n    <\/article><\/div>\n            <div class=\"clearfix\"><\/div>\n        <\/div>\t\t\t\t<\/div>\n\t\t\t\t<\/div>\n\t\t\t\t\t<\/div>\n\t\t\t\t<\/div>\n\t\t\t\t<\/div>\n\t\t","protected":false},"excerpt":{"rendered":"<p>Blog Conecta con los aceites esenciales en tu rutina de belleza Seguramente habr\u00e1s o\u00eddo hablar de los aceites esenciales y sus&#8230; Conecta con los aceites esenciales en tu rutina de belleza Un cabello sano es fundamental para nuestra salud y bienestar&#8230;. Invierte en el cuidado de tu piel Nuestra piel es el \u00f3rgano m\u00e1s grande&#8230;<\/p>\n","protected":false},"author":1,"featured_media":0,"parent":0,"menu_order":0,"comment_status":"closed","ping_status":"closed","template":"elementor_header_footer","meta":{"_kad_post_transparent":"","_kad_post_title":"hide","_kad_post_layout":"fullwidth","_kad_post_sidebar_id":"","_kad_post_content_style":"unboxed","_kad_post_vertical_padding":"hide","_kad_post_feature":"hide","_kad_post_feature_position":"","_kad_post_header":false,"_kad_post_footer":false,"_kad_post_classname":"","footnotes":""},"class_list":["post-513","page","type-page","status-publish","hentry"],"_links":{"self":[{"href":"https:\/\/mybeautygarden.com\/index.php?rest_route=\/wp\/v2\/pages\/513","targetHints":{"allow":["GET"]}}],"collection":[{"href":"https:\/\/mybeautygarden.com\/index.php?rest_route=\/wp\/v2\/pages"}],"about":[{"href":"https:\/\/mybeautygarden.com\/index.php?rest_route=\/wp\/v2\/types\/page"}],"author":[{"embeddable":true,"href":"https:\/\/mybeautygarden.com\/index.php?rest_route=\/wp\/v2\/users\/1"}],"replies":[{"embeddable":true,"href":"https:\/\/mybeautygarden.com\/index.php?rest_route=%2Fwp%2Fv2%2Fcomments&post=513"}],"version-history":[{"count":13,"href":"https:\/\/mybeautygarden.com\/index.php?rest_route=\/wp\/v2\/pages\/513\/revisions"}],"predecessor-version":[{"id":527,"href":"https:\/\/mybeautygarden.com\/index.php?rest_route=\/wp\/v2\/pages\/513\/revisions\/527"}],"wp:attachment":[{"href":"https:\/\/mybeautygarden.com\/index.php?rest_route=%2Fwp%2Fv2%2Fmedia&parent=513"}],"curies":[{"name":"wp","href":"https:\/\/api.w.org\/{rel}","templated":true}]}}