{"id":256,"date":"2023-12-22T09:29:02","date_gmt":"2023-12-22T12:29:02","guid":{"rendered":"https:\/\/mybeautygarden.com\/?page_id=256"},"modified":"2023-12-22T10:01:56","modified_gmt":"2023-12-22T13:01:56","slug":"politica-de-privacidad-y-datos-personales","status":"publish","type":"page","link":"https:\/\/mybeautygarden.com\/?page_id=256","title":{"rendered":"POL\u00cdTICA DE PRIVACIDAD Y DATOS PERSONALES:"},"content":{"rendered":"\n<p>La privacidad es muy importante para nosotros y nos esforzamos para protegerla, y por ello esta Pol\u00edtica de privacidad, confidencialidad y protecci\u00f3n de datos (la \u00abPol\u00edtica de Privacidad y datos personales\u201d) tiene por objeto informar c\u00f3mo usamos y divulgamos la informaci\u00f3n recopilada de las visitas, uso e intercambio de mensajes de los usuarios (seg\u00fan se definen m\u00e1s adelante) en la plataforma de comercio electr\u00f3nico www.mybeautygarden.com (el \u201cSitio\u201d o \u201cBeauty Garden\u201d en forma indistinta). El Sitio tiene domicilio en Ciudad de Buenos Aires \u2013 Rep\u00fablica Argentina.<br>Hemos adoptado diversas buenas pr\u00e1cticas para asegurar que la informaci\u00f3n se encuentre protegida y sea tratada adecuadamente.<br>La informaci\u00f3n personal (la \u201cInformaci\u00f3n Personal\u201d) que recabamos se tratar\u00e1 siempre dentro del marco de la legislaci\u00f3n aplicable de la Rep\u00fablica Argentina, en general, y, en particular, por la Ley de Protecci\u00f3n de Datos Personales N\u00b0 25.326, su Decreto Reglamentario N\u00b0 1558\/2001 y normativa complementaria que regule la materia y\/o las normas que las reemplacen en el futuro.<\/p>\n\n\n\n<ol class=\"wp-block-list\">\n<li>Condiciones generales:<br>1.1 La Pol\u00edtica de Privacidad, forma parte integrante y es complementaria de los T\u00e9rminos y Condiciones (los \u201cT\u00e9rminos y Condiciones\u201d) del Sitio y son de car\u00e1cter obligatorio y vinculante para todos los usuarios que accedan al Sitio (el \u201cUsuario\u201d o los \u201cUsuarios\u201d seg\u00fan corresponda).<br>1.2 Es requisito esencial prestar el consentimiento voluntario, expreso e informado a esta Pol\u00edtica para poder utilizar los servicios del Sitio.<br>1.3 Beauty Garden, con el fin de poder brindar sus servicios, trata y recolecta la Informaci\u00f3n Personal conforme se detalla en la presente Pol\u00edtica.<br>1.4 La finalidad de la Pol\u00edtica es que el Usuario pueda comprender qu\u00e9 informaci\u00f3n recopila el Sitio, para que fines la usa y que derechos tiene con respecto a la utilizaci\u00f3n de sus datos personales dentro del Sitio.<\/li>\n\n\n\n<li>\u00bfqu\u00e9 tipo de informaci\u00f3n recolecta Beauty Garden?:<br>2.1 Beauty Garden recopila y almacena Informaci\u00f3n Personal: (i) que puede ser facilitada por el propio Usuario al registrarse o al proveer informaci\u00f3n cuando realiza una compra, o (ii) los datos son recolectados autom\u00e1ticamente, cuando el Usuario navega por las p\u00e1ginas del Sitio.<br>a) La Informaci\u00f3n Personal que el Usuario puede proporcionar es:<\/li>\n<\/ol>\n\n\n\n<ul class=\"wp-block-list\">\n<li>Nombre y apellido,<\/li>\n\n\n\n<li>Documento de Identidad,<\/li>\n\n\n\n<li>Datos de contacto: n\u00famero de tel\u00e9fono, direcci\u00f3n de correo electr\u00f3nico y domicilio.<\/li>\n\n\n\n<li>Informaci\u00f3n de pago: si el Usuario realiza la compra de productos, recabaremos la informaci\u00f3n de pago, los medios de pago utilizados, los 4 \u00faltimos d\u00edgitos finales del n\u00famero de tarjeta de cr\u00e9dito\/d\u00e9bito, el nombre del titular de la tarjeta de d\u00e9bito\/cr\u00e9dito; y el tipo y marca de la tarjeta de cr\u00e9dito\/d\u00e9bito utilizada. Utilizaremos esta informaci\u00f3n de manera segura para completar la transacci\u00f3n.<br>La informaci\u00f3n precedente deber\u00e1 ser veraz y completa en todo momento. El Usuario responder\u00e1 en cualquier caso por la veracidad de la informaci\u00f3n proporcionada y en ning\u00fan caso Beauty Garden ser\u00e1 responsable por ello. Beauty Garden se reserva el derecho de restringir el acceso al Sitio a todo Usuario que haya proporcionado datos falsos, sin perjuicio de las dem\u00e1s acciones legales que procedan. Asimismo, a su exclusivo criterio, Beauty Garden podr\u00e1 verificar los datos personales suministrados.<br>b) Informaci\u00f3n Personal recopilada autom\u00e1ticamente por el Sitio:<br>Cuando el Usuario visita Beauty Garden, ya sea como usuario registrado o usuario no registrado, el servidor registra autom\u00e1ticamente los datos que el navegador env\u00eda cada vez que visita el Sitio.<br>El objetivo de recabar esta informaci\u00f3n es comprender los intereses y las preferencias de los Usuarios y personalizar su experiencia.<br>Tambi\u00e9n se podr\u00e1 utilizar la informaci\u00f3n para monitorear y analizar el uso del Sitio, a los fines de permitir mejorar su funcionalidad en funci\u00f3n de las necesidades de los Usuarios.<br>El registro de datos puede incluir:<br>\u25aa Detalle de los productos adquiridos, cantidad y precio de compra<br>\u25aa Informaci\u00f3n de los dispositivos o computadoras desde los que el Usuario accede al Sitio.<br>\u25aa Tipo o versi\u00f3n del navegador o del sistema operativo, configuraciones, datos de conexi\u00f3n, informaci\u00f3n sobre algunas de las aplicaciones descargadas y par\u00e1metros.<br>\u25aa La p\u00e1gina web que se visita antes de acceder al Sitio.<br>\u25aa Direcciones de IP.<br>\u25aa Informaci\u00f3n sobre la actividad de los Usuarios dentro del Sitio. A modo de ejemplo: las b\u00fasquedas realizadas, las p\u00e1ginas visitadas dentro del Sitio, filtros utilizados, etc.<br>\u25aa Informaci\u00f3n sobre ubicaci\u00f3n (geolocalizaci\u00f3n).<br>\u25aa Vinculaciones entre cuentas y Usuarios, con el objetivo de evitar fraudes y duplicaci\u00f3n de Usuarios.<br>Asimismo, para el Sitio funcione correctamente, Beauty Garden utiliza cookies propias y de terceros conforme se detalla en la cl\u00e1usula cuarta.<br>2.2 El Sitio no recopilar\u00e1 en ning\u00fan momento datos personales para reventa a terceros, ni tampoco obtendr\u00e1 un beneficio comercial de los datos personales recopilados por su actividad en el mismo, ni por ning\u00fan otro medio.<\/li>\n<\/ul>\n\n\n\n<ol class=\"wp-block-list\">\n<li>Finalidad del uso de datos personales:<br>Los datos personales recabados por el Sitio podr\u00e1n ser utilizados para las siguientes finalidades, entre otras:<br>a) Para el registro de una cuenta. Queda expresamente establecido que en ninguna circunstancia el Sitio tendr\u00e1 conocimiento de la contrase\u00f1a que el Usuario utilizar\u00e1 para acceder a su cuenta.<br>b) Verificar la identidad de un Usuario de acuerdo con esta Pol\u00edtica y los T\u00e9rminos y Condiciones de Uso del Sitio.<br>c) Efectuar la facturaci\u00f3n correspondiente a los productos adquiridos por el Usuario a trav\u00e9s del Sitio.<br>d) Mantener comunicaciones necesarias con el Usuario.<br>e) Desarrollar estudios internos y estad\u00edsticos sobre intereses y comportamientos, para ofrecer mejores servicios y\/o productos.<br>f) Mejorar las condiciones de marketing y satisfacci\u00f3n del servicio a los Usuarios.<br>g) Elaborar perfiles mediante el an\u00e1lisis de las conductas o las interacciones dentro del Sitio, preferencias, intereses, historial de b\u00fasquedas, comportamiento y ubicaci\u00f3n, para mejorar iniciativas promocionales.<br>h) Si el Usuario acepta recibir comunicaciones del Sitio, para contactarlo con fines publicitarios y\/o promocionales a trav\u00e9s de distintos canales, a modo de ejemplo y sin limitaci\u00f3n (correo electr\u00f3nico, WhatsApp, mensajes push, mensajes de texto, etc.)<br>i) En cumplimiento con toda la normativa aplicable para sorteos y concursos, permitir la participaci\u00f3n en los mismos, en caso de ser realizados y que resulten de aplicaci\u00f3n.<br>j) Para resolver disputas o problemas.<br>k) Para evitar actividades potencialmente prohibidas o ilegales.<br>l) Para hacer cumplir los T\u00e9rminos y Condiciones.<\/li>\n\n\n\n<li>Uso de cookies y otras tecnolog\u00edas:<br>4.1 El Usuario reconoce y acepta que el Sitio, podr\u00e1 utilizar un sistema de seguimiento de conducta mediante la utilizaci\u00f3n de \u00abcookies\u00bb y\/u otras tecnolog\u00edas similares de seguimiento.<br>Estas tecnolog\u00edas se utilizan con el fin de conocer los intereses y el comportamiento de los Usuarios.<br>4.2 Una cookie es una porci\u00f3n de datos que se env\u00eda al navegador y se almacena en el disco duro del ordenador o dispositivo m\u00f3vil.<br>Las cookies pueden servir para facilitar el uso de un sitio web guardando su configuraci\u00f3n y preferencias mientras el Usuario navega en Internet.<br>Los tipos de cookies que utiliza el Sitio son las siguientes:<br>a) Necesarias: Son aquellas que son imprescindibles para que el sitio web funcione correctamente. Garantizan de forma an\u00f3nima funcionalidades b\u00e1sicas y caracter\u00edsticas de seguridad del sitio web.<br>b) Funcionales: Ayudan a realizar ciertas funcionalidades y por ellos son necesarias para mostrar correctamente el sitio web y garantizar su correcto funcionamiento. Estas cookies ayudan al visitante a tener una mejor experiencia de la navegaci\u00f3n.<br>c) De rendimiento: Se usan para entender y analizar los \u00edndices de rendimiento clave del sitio web, es decir permiten cuantificar el n\u00famero de visitas y fuentes de tr\u00e1fico para evaluar el rendimiento del sitio y mejorarlo. Sirven para saber qu\u00e9 p\u00e1ginas son las m\u00e1s o las menos visitadas y de qu\u00e9 manera los visitantes navegan por el sitio. Esto ayuda a ofrecer una mejor experiencia de usuario a los visitantes.<br>d) Anal\u00edticas: Se utilizan para entender c\u00f3mo los visitantes interact\u00faan con el sitio web. Estas cookies ayudan a proporcionar informaci\u00f3n sobre las m\u00e9tricas del n\u00famero de visitantes, la tasa de rebote, la fuente de tr\u00e1fico, etc.<br>e) Publicitarias: Sirven para gestionar la publicidad que se incluye en un sitio web. Rastrean a los visitantes y se utilizan para ofrecer a los visitantes anuncios y campa\u00f1as de marketing personalizados.<br>f) Otras no categorizadas: Son aquellas que no pertenecen a ninguno de los grupos anteriores.<br>4.3 El Sitio no puede acceder a otra informaci\u00f3n almacenada en el dispositivo a trav\u00e9s de las cookies. Las cookies no pueden cargar c\u00f3digo malicioso de ning\u00fan tipo ni virus o malware, y no da\u00f1an el dispositivo del Usuario.<br>4.4 Otras tecnolog\u00edas: Eventualmente se podr\u00e1 utilizar, otras tecnolog\u00edas similares de vez en cuando para reconocer o rastrear a los Usuarios, como los web beacons (a veces llamados \u00abtracking pixels\u00bb o \u00abclear gifs\u00bb). Se trata de peque\u00f1os archivos gr\u00e1ficos que contienen un identificador \u00fanico que permite reconocer cuando alguien ha visitado el Sitio o ha abierto un correo electr\u00f3nico enviado.<br>4.5 Las cookies y estas tecnolog\u00edas se utilizan con el fin de conocer los intereses y el comportamiento de los Usuarios y, de esa forma, brindarles un mejor servicio o proveerles informaci\u00f3n relacionada.<br>Asimismo, se utilizan para:<br>a) Ayudar a reconocer el explorador como visitante anterior y guardar y recordar las preferencias que se pudieron haber configurado mientras el explorador visitaba el Sitio.<br>b) Mejorar iniciativas comerciales y promocionales, mostrar publicidad o promociones, banners de inter\u00e9s.<br>c) Para contribuir con la medici\u00f3n y la investigaci\u00f3n de la eficacia de las funciones, los anuncios y las comunicaciones por correo electr\u00f3nico (al determinar qu\u00e9 correos electr\u00f3nicos abre y ejecuta).<br>4.6 La instalaci\u00f3n, permanencia y existencia de las cookies en un ordenador o dispositivo m\u00f3vil, depende de la exclusiva voluntad del Usuario y pueden ser eliminadas en cualquier momento. Para saber c\u00f3mo quitar las cookies del sistema es necesario revisar la secci\u00f3n Ayuda del navegador.<\/li>\n\n\n\n<li>Almacenamiento y seguridad:<br>5.1 Los servicios que brinda Beauty Garden requieren del soporte de una infraestructura tecnol\u00f3gica, como servidores y servicios en la nube, que pueden ser propios o provistos por terceros.<br>La Informaci\u00f3n Personal actualmente se encuentra almacenada en servidores en los que NubeLab y Godaddy almacenan informaci\u00f3n. En este \u00faltimo caso, la Informaci\u00f3n podr\u00eda ser transmitida y\/o transferida fuera de la Rep\u00fablica Argentina, incluso fuera de la Uni\u00f3n Europea (UE) o del Espacio Econ\u00f3mico Europeo (EEE), a pa\u00edses que no ofrecen un nivel de protecci\u00f3n de datos similar al del EEE, por ejemplo, Brasil y Estados Unidos. Por tal motivo, se aplican los mecanismos de transferencia de datos apropiados, tal y como exige la legislaci\u00f3n aplicable en la Rep\u00fablica Argentina en materia de datos personales, incluidas las cl\u00e1usulas contractuales est\u00e1ndar de la Comisi\u00f3n Europea y salvaguardias adicionales que sean necesarias para garantizar la legalidad de dichas transferencias.<br>5.2 Sin perjuicio de lo anterior, el Sitio podr\u00e1 reubicar estos servidores en cualquier otro pa\u00eds y podr\u00e1 almacenar la Informaci\u00f3n con fines de respaldo o back up.<br>5.3 Al proveer Informaci\u00f3n Personal a trav\u00e9s del Sitio y aceptar esta Pol\u00edtica, el Usuario presta su consentimiento voluntario, expreso e informado, y consiente la transferencia y el procesamiento internacional de la Informaci\u00f3n Personal, en caso de que alguno de estos servicios fuera considerado por la Ley 25.326 de Protecci\u00f3n de Datos Personales de la Rep\u00fablica Argentina como transferencia internacional de datos.<br>5.4 El Sitio se compromete a garantizar que se cumplan los est\u00e1ndares legalmente exigibles para la protecci\u00f3n y resguardo de la Informaci\u00f3n Personal. Asimismo, dispone de herramientas para proteger sus datos personales de accesos no autorizados por parte de terceros. El Sitio cumple con toda normativa vigente en relaci\u00f3n al tratamiento de datos personales y ha adoptado medidas de seguridad siguiendo los est\u00e1ndares de la industria para proteger la Informaci\u00f3n Personal para evitar el acceso no autorizado, la alteraci\u00f3n, la divulgaci\u00f3n o la destrucci\u00f3n de los datos.<br>5.5 Cabe destacar que el Sitio s\u00f3lo almacenar\u00e1 la Informaci\u00f3n Personal durante el tiempo que fuere prudente para cumplir con el prop\u00f3sito para el que se ha recopilado originalmente o para cumplir con alg\u00fan requerimiento establecido en las normas para la protecci\u00f3n de datos personales en un todo de acuerdo con lo definido en la Pol\u00edtica. Una vez concluido dicho lapso, los datos ser\u00e1n eliminados de manera inmediata o anonimizados de una forma que no puedan ser vinculados a su titular.<\/li>\n\n\n\n<li>Transferencia a terceros:<br>6.1 El resguardo de la privacidad es muy importante para Beauty Garden. Por ello, no vende ni comercializa informaci\u00f3n que identifique a los Usuarios.<br>6.2 El Sito podr\u00e1 ceder, transmitir y\/o transferir la Informaci\u00f3n Personal conforme se detalla seguidamente, y el Usuario presta su consentimiento voluntario, expreso e informado para que el Sitio comparta sus datos con:<br>a) Aliados comerciales: empresas con actividades comerciales con las que el Sitio tenga una relaci\u00f3n de colaboraci\u00f3n o alianza, con la finalidad de ofrecerle al Usuario promociones, productos y beneficios de dichas empresas o de marca compartida. En estos casos, el Sitio vela siempre porque se cumplan est\u00e1ndares de confidencialidad y seguridad.<br>b) Con proveedores de servicios, necesarios para el funcionamiento del Sitio.<br>c) Terceros Proveedores que brindan servicios o funciones en nuestro nombre, lo que incluye an\u00e1lisis comerciales, procesamiento de pagos, servicio de atenci\u00f3n al cliente, marketing, relaciones p\u00fablicas, distribuci\u00f3n de encuestas o programas de sorteos y prevenci\u00f3n de fraudes. Es posible que tambi\u00e9n autoricemos a terceros proveedores a recabar informaci\u00f3n en nuestro nombre, lo que incluye, por ejemplo, los datos necesarios para ejecutar funciones del Sitio o para facilitar la entrega de anuncios en l\u00ednea personalizados seg\u00fan sus intereses. Los proveedores tienen acceso y pueden recabar informaci\u00f3n solo seg\u00fan sea necesario para ejecutar sus funciones y tienen prohibido compartir o usar la informaci\u00f3n para cualquier otro motivo.<br>d) Con entidades financieras, y\/o pasarelas de pago, y\/o cualquier otra empresa que pudiera ser necesaria para prestar los servicios de pago ofrecidos en el Sitio.<br>6.3 En ese sentido, en el caso que la informaci\u00f3n sea compartida con los terceros indicados precedentemente, para fines de almacenamiento y\/o procesamiento en nombre del Sitio, dicha transferencia ser\u00e1 realizada bajo los mismos est\u00e1ndares establecidos la propia Pol\u00edtica y siempre ser\u00e1 en relaci\u00f3n con una necesidad comercial leg\u00edtima del Sitio. Los terceros tendr\u00e1n asimismo un acceso limitado a sus datos personales y conforme sea necesario para realizar \u00fanicamente el servicio contratado.<br>6.4 En el caso que el Sitio tomar\u00e1 conocimiento de que un tercero est\u00e1 usando o divulgando datos personales de una manera contraria a su Pol\u00edtica tomar\u00e1 las medidas razonables para prevenir y detener el uso o la divulgaci\u00f3n de dichos datos de manera inmediata.<\/li>\n\n\n\n<li>Datos sensibles:<br>En relaci\u00f3n con los datos sensibles, el Sitio, cumple con las previsiones del art. 7 de la Ley de Protecci\u00f3n de Datos Personales N\u00b0 25.326.<\/li>\n\n\n\n<li>Derecho de acceso, rectificaci\u00f3n, actualizaci\u00f3n o supresi\u00f3n:<br>8.1 El Usuario tiene el derecho de acceder a sus datos personales que el Sitio posee, y a los detalles del tratamiento de los mismos, as\u00ed como a rectificarlos en caso de ser inexactos, o bien solicitar su eliminaci\u00f3n cuando resulten excesivos o innecesarios para las finalidades que justificaron su captura, como as\u00ed tambi\u00e9n tiene derecho a oponerse al tratamiento de los mismos para fines espec\u00edficos.<br>El derecho de acceso a la Informaci\u00f3n Personal podr\u00e1 ser ejercido por el interesado en la medida que la correspondiente informaci\u00f3n sea solicitada en intervalos no inferiores a seis meses, salvo que se acredite un inter\u00e9s leg\u00edtimo al efecto (conforme al art\u00edculo 14 de la Ley de Protecci\u00f3n de Datos Personales).<br>8.2 El Usuario podr\u00e1 ejercer los derechos de acceso, rectificaci\u00f3n y supresi\u00f3n a trav\u00e9s de:<br>(i) la presentaci\u00f3n de la solicitud respectiva v\u00eda correo electr\u00f3nico a info@mybeutygarden.com &#8211; Asunto: Datos Personales; informando el motivo del contacto y acreditando su identidad, previo a dar curso a la solicitud.<br>8.3 De igual manera, le informamos que, en caso de querer realizar una denuncia o reclamo por incumplimiento a la normativa vigente en materia de protecci\u00f3n de datos personales, podr\u00e1 dirigirse a la Direcci\u00f3n de Protecci\u00f3n de Datos Personales dependiente de la Agencia de Acceso a la Informaci\u00f3n P\u00fablica (podr\u00e1 obtener m\u00e1s informaci\u00f3n relacionada en https:\/\/www.argentina.gob.ar\/aaip\/datospersonales)<\/li>\n\n\n\n<li>Responsable del tratamiento de la informaci\u00f3n personal:<\/li>\n<\/ol>\n\n\n\n<p>El responsable del archivo de datos es Beuty Garden, con domicilio en Ciudad de Buenos Aires.<\/p>\n\n\n\n<ol class=\"wp-block-list\" start=\"10\">\n<li>Cambios en la pol\u00edtica:<br>El Sitio podr\u00e1 realizar actualizaciones y\/o modificaciones en la Pol\u00edtica. Dichas actualizaciones y\/o modificaciones siempre detallar\u00e1n de manera transparente la forma en que la Informaci\u00f3n Personal es tratada. Si la Pol\u00edtica fuera actualizada y\/o modificada, el nuevo texto ser\u00e1 publicado en el Sitio con la fecha de revisi\u00f3n actualizada.<br>Los cambios ser\u00e1n comunicados oportunamente mediante los canales de comunicaci\u00f3n habituales con los Usuarios o a trav\u00e9s del Sitio. En los casos que corresponda, el Sitio, recabar\u00e1 el consentimiento del Usuario.<\/li>\n\n\n\n<li>Ley aplicable y jurisdicci\u00f3n:<br>La presente Pol\u00edtica se regir\u00e1 por las leyes de la Rep\u00fablica Argentina. En caso de controversia, relacionada con la interpretaci\u00f3n, validez, celebraci\u00f3n o cumplimiento de la misma, las partes (el Usuario y el Sitio), se someter\u00e1n a la jurisdicci\u00f3n de los Tribunales Nacionales Ordinarios competentes con asiento en la Ciudad Aut\u00f3noma de Buenos Aires, renunciando a cualquier otro fuero o jurisdicci\u00f3n.<\/li>\n\n\n\n<li>Prohibici\u00f3n de uso del sitio por menores \u2013 privacidad:<br>12.1 El Sitio no est\u00e1 destinado a personas menores de 16 (dieciseis) a\u00f1os y no ofrece servicios dirigidos a ni\u00f1os.<br>12.2 El Usuario bajo su responsabilidad se compromete a no proporcionar ning\u00fan dato personal de un menor de 16 a\u00f1os.<br>12.3 Para el caso que una persona hubiera proporcionado Informaci\u00f3n Personal y Beauty Garden detecte que corresponde a un menor de 16 a\u00f1os, eliminar\u00e1 o destruir\u00e1 esa informaci\u00f3n con la mayor celeridad posible. En ninguna circunstancia el Sitio recabar\u00e1 a sabiendas informaci\u00f3n sobre menores de 16 a\u00f1os.<\/li>\n\n\n\n<li>V\u00ednculos externos:<br>El Sitio puede contener enlaces a sitios web de terceros (\u00abSitios de Terceros\u00bb). Los enlaces a otros sitios de terceros se proporcionan \u00fanicamente para comodidad del Usuario. El Sitio no tiene control sobre dichos Sitios de Terceros, no revisa, ni aprueba, ni supervisa, ni respalda, ni hace ninguna representaci\u00f3n o garant\u00eda con respecto a dichos Sitios de terceros. El Usuario declara conocer y aceptar que si a trav\u00e9s de un v\u00ednculo ubicado dentro del Sitio accediera a Sitios de Terceros, esos sitios web tendr\u00e1n sus propias pol\u00edticas de privacidad, y por ello la recolecci\u00f3n, uso, divulgaci\u00f3n y tratamiento de datos personales se realizara bajo tales par\u00e1metros y no conforme lo establece esta Pol\u00edtica. Sugerimos leer las pol\u00edticas de privacidad de ese sitio previo a su acceso. En ning\u00fan caso el Sitio es responsables ante el Usuario ni ning\u00fan tercero respecto a cualquier material, informaci\u00f3n publicitaria, productos, servicios u otro contenido en dichos Sitios de Terceros o disponibles en ellos. El acceso a los Sitio de Terceros, ser\u00e1 realizado por el Usuario bajo su propio criterio, voluntad, responsabilidad y riesgo.<\/li>\n\n\n\n<li>Social media y contenido generado por el usuario:<br>Algunos de nuestros sitios web y aplicaciones permiten a los usuarios enviar su propio contenido. Recuerde que cualquier contenido enviado a una de nuestras plataformas de redes sociales puede ser visto por el p\u00fablico, por lo que debe tener cuidado al proporcionar ciertos datos personales (por ejemplo, informaci\u00f3n financiera o detalles de su direcci\u00f3n). No somos responsables de ninguna acci\u00f3n realizada por otras personas si publica datos personales en una de nuestras plataformas de redes sociales y le recomendamos que no comparta dicha informaci\u00f3n.<\/li>\n\n\n\n<li>Contacto:<br>Para realizar cualquier pregunta o comentario sobre esta Pol\u00edtica de Privacidad o sobre el tratamiento de la Informaci\u00f3n Personal, los Usuarios pueden comunicarse a trav\u00e9s del correo electr\u00f3nico info@mybeautygarden.com donde responderemos a la mayor brevedad posible.<\/li>\n\n\n\n<li>Consentimiento:<br>Al aceptar esta Pol\u00edtica, el Usuario presta su consentimiento expreso, libre, informado para la recolecci\u00f3n, tratamiento, uso, almacenamiento, divulgaci\u00f3n, cesi\u00f3n o transferencia de sus datos personales de acuerdo con la Pol\u00edtica y con lo establecido por la Ley de Protecci\u00f3n de Datos Personales N\u00b0 25.326, su Decreto Reglamentario N\u00b0 1558\/2001, y toda normativa complementaria que regule la materia y\/o las normas que las reemplacen en el futuro.<\/li>\n<\/ol>\n\n\n\n<p><\/p>\n\n\n\n<p><\/p>\n","protected":false},"excerpt":{"rendered":"<p>La privacidad es muy importante para nosotros y nos esforzamos para protegerla, y por ello esta Pol\u00edtica de privacidad, confidencialidad y protecci\u00f3n de datos (la \u00abPol\u00edtica de Privacidad y datos personales\u201d) tiene por objeto informar c\u00f3mo usamos y divulgamos la informaci\u00f3n recopilada de las visitas, uso e intercambio de mensajes de los usuarios (seg\u00fan se&#8230;<\/p>\n","protected":false},"author":1,"featured_media":0,"parent":0,"menu_order":0,"comment_status":"closed","ping_status":"closed","template":"","meta":{"_kad_post_transparent":"","_kad_post_title":"","_kad_post_layout":"","_kad_post_sidebar_id":"","_kad_post_content_style":"","_kad_post_vertical_padding":"","_kad_post_feature":"","_kad_post_feature_position":"","_kad_post_header":false,"_kad_post_footer":false,"_kad_post_classname":"","footnotes":""},"class_list":["post-256","page","type-page","status-publish","hentry"],"_links":{"self":[{"href":"https:\/\/mybeautygarden.com\/index.php?rest_route=\/wp\/v2\/pages\/256","targetHints":{"allow":["GET"]}}],"collection":[{"href":"https:\/\/mybeautygarden.com\/index.php?rest_route=\/wp\/v2\/pages"}],"about":[{"href":"https:\/\/mybeautygarden.com\/index.php?rest_route=\/wp\/v2\/types\/page"}],"author":[{"embeddable":true,"href":"https:\/\/mybeautygarden.com\/index.php?rest_route=\/wp\/v2\/users\/1"}],"replies":[{"embeddable":true,"href":"https:\/\/mybeautygarden.com\/index.php?rest_route=%2Fwp%2Fv2%2Fcomments&post=256"}],"version-history":[{"count":3,"href":"https:\/\/mybeautygarden.com\/index.php?rest_route=\/wp\/v2\/pages\/256\/revisions"}],"predecessor-version":[{"id":270,"href":"https:\/\/mybeautygarden.com\/index.php?rest_route=\/wp\/v2\/pages\/256\/revisions\/270"}],"wp:attachment":[{"href":"https:\/\/mybeautygarden.com\/index.php?rest_route=%2Fwp%2Fv2%2Fmedia&parent=256"}],"curies":[{"name":"wp","href":"https:\/\/api.w.org\/{rel}","templated":true}]}}